{"id":11247,"date":"2020-05-11T15:51:22","date_gmt":"2020-05-11T14:51:22","guid":{"rendered":"https:\/\/jobs50plus.eu\/ueber-uns\/"},"modified":"2025-04-14T15:31:17","modified_gmt":"2025-04-14T14:31:17","slug":"ueber-uns","status":"publish","type":"page","link":"https:\/\/jobs50plus.eu\/de\/seiten\/ueber-uns\/","title":{"rendered":"\u00dcber uns"},"content":{"rendered":"\t\t<div data-elementor-type=\"wp-page\" data-elementor-id=\"11247\" class=\"elementor elementor-11247 elementor-3155\">\n\t\t\t\t<div class=\"elementor-element elementor-element-2d0c35d e-flex e-con-boxed e-con e-parent\" data-id=\"2d0c35d\" data-element_type=\"container\" data-e-type=\"container\">\n\t\t\t\t\t<div class=\"e-con-inner\">\n\t\t<div class=\"elementor-element elementor-element-2d93260 e-con-full e-flex e-con e-child\" data-id=\"2d93260\" data-element_type=\"container\" data-e-type=\"container\">\n\t\t\t\t<div class=\"elementor-element elementor-element-8b994f1 elementor-widget elementor-widget-heading\" data-id=\"8b994f1\" data-element_type=\"widget\" data-e-type=\"widget\" data-widget_type=\"heading.default\">\n\t\t\t\t<div class=\"elementor-widget-container\">\n\t\t\t\t\t<h2 class=\"elementor-heading-title elementor-size-default\">\u00dcber uns<\/h2>\t\t\t\t<\/div>\n\t\t\t\t<\/div>\n\t\t\t\t<div class=\"elementor-element elementor-element-08b3d15 elementor-widget elementor-widget-text-editor\" data-id=\"08b3d15\" data-element_type=\"widget\" data-e-type=\"widget\" data-widget_type=\"text-editor.default\">\n\t\t\t\t<div class=\"elementor-widget-container\">\n\t\t\t\t\t\t\t\t\t<p>Wir bringen erfahrene Fachkr\u00e4fte ab 50 mit Arbeitgebern zusammen, die ihre Expertise sch\u00e4tzen und gezielt nach talentierten Bewerbern mit langj\u00e4hriger Berufserfahrung suchen.<\/p>\t\t\t\t\t\t\t\t<\/div>\n\t\t\t\t<\/div>\n\t\t\t\t<\/div>\n\t\t\t\t\t<\/div>\n\t\t\t\t<\/div>\n\t\t<div class=\"elementor-element elementor-element-cef2e79 e-flex e-con-boxed e-con e-parent\" data-id=\"cef2e79\" data-element_type=\"container\" data-e-type=\"container\">\n\t\t\t\t\t<div class=\"e-con-inner\">\n\t\t\t\t<div class=\"elementor-element elementor-element-57ee9fb elementor-widget elementor-widget-heading\" data-id=\"57ee9fb\" data-element_type=\"widget\" data-e-type=\"widget\" data-widget_type=\"heading.default\">\n\t\t\t\t<div class=\"elementor-widget-container\">\n\t\t\t\t\t<h2 class=\"elementor-heading-title elementor-size-default\">Unsere Mission<\/h2>\t\t\t\t<\/div>\n\t\t\t\t<\/div>\n\t\t\t\t<div class=\"elementor-element elementor-element-822ad38 elementor-widget elementor-widget-text-editor\" data-id=\"822ad38\" data-element_type=\"widget\" data-e-type=\"widget\" data-widget_type=\"text-editor.default\">\n\t\t\t\t<div class=\"elementor-widget-container\">\n\t\t\t\t\t\t\t\t\t<p data-start=\"16\" data-end=\"86\">Wir von <b>Jobs 50+<\/b> sind wir davon \u00fcberzeugt, dass <strong data-start=\"61\" data-end=\"83\">Erfahrung wichtig ist<\/strong>.<\/p><p data-start=\"88\" data-end=\"292\"><strong data-start=\"98\" data-end=\"124\">Seit<\/strong> \u00fcber <strong data-start=\"98\" data-end=\"124\">20 Jahren sind wir in der Personalvermittlung t\u00e4tig<\/strong> und wissen, wie schwierig es f\u00fcr Fachkr\u00e4fte <strong data-start=\"186\" data-end=\"193\">\u00fcber 50<\/strong> sein kann, eine neue Stelle zu finden, selbst wenn sie sp\u00e4ter in den Ruhestand gehen und weiterhin wertvolle Erfahrungen mitbringen. Aus diesem Grund haben wir diese Plattform ins Leben gerufen.<\/p><p data-start=\"294\" data-end=\"420\">Wir haben die Plattform <b>Jobs 50+ <\/b>ins Leben gerufen, um diese L\u00fccke zu schlie\u00dfen - wir bringen <strong data-start=\"362\" data-end=\"381\">Arbeitssuchende \u00fcber 50<\/strong> mit Arbeitgebern zusammen, die Erfahrung auch wirklich sch\u00e4tzen.<\/p><p data-start=\"422\" data-end=\"446\">Unser Auftrag ist einfach:<\/p><ul data-start=\"447\" data-end=\"631\"><li data-start=\"447\" data-end=\"539\"><strong data-start=\"449\" data-end=\"478\">Biete 50+ Fachkr\u00e4ften<\/strong> Jobs an, in denen ihre Erfahrung und F\u00e4higkeiten wirklich z\u00e4hlen.<\/li><li data-start=\"540\" data-end=\"631\"><strong data-start=\"542\" data-end=\"563\">Geh\u00f6re auch du zu den Arbeitgebern<\/strong>, die ein klares Statement abgeben, dass sie erfahrene Talente willkommen hei\u00dfen.<\/li><\/ul><p data-start=\"633\" data-end=\"762\">Hier wissen die Bewerber, dass sie sich bei Unternehmen bewerben, die sie wertsch\u00e4tzen, und die Unternehmen zeigen ihr Engagement f\u00fcr <strong data-start=\"742\" data-end=\"759\">Altersvielfalt<\/strong>.<\/p><p data-start=\"764\" data-end=\"805\" data-is-last-node=\"\" data-is-only-node=\"\">Denn Talent hat keine Altersgrenze.<\/p>\t\t\t\t\t\t\t\t<\/div>\n\t\t\t\t<\/div>\n\t\t\t\t\t<\/div>\n\t\t\t\t<\/div>\n\t\t<div class=\"elementor-element elementor-element-a6beb0a elementor-hidden-desktop elementor-hidden-tablet elementor-hidden-mobile e-flex e-con-boxed e-con e-parent\" data-id=\"a6beb0a\" data-element_type=\"container\" data-e-type=\"container\" data-settings=\"{&quot;background_background&quot;:&quot;classic&quot;}\">\n\t\t\t\t\t<div class=\"e-con-inner\">\n\t\t<div class=\"elementor-element elementor-element-280a6b9 e-con-full e-flex e-con e-child\" data-id=\"280a6b9\" data-element_type=\"container\" data-e-type=\"container\" data-settings=\"{&quot;background_background&quot;:&quot;classic&quot;}\">\n\t\t\t\t<div class=\"elementor-element elementor-element-b887986 elementor-widget elementor-widget-testimonials\" data-id=\"b887986\" data-element_type=\"widget\" data-e-type=\"widget\" data-widget_type=\"testimonials.default\">\n\t\t\t\t<div class=\"elementor-widget-container\">\n\t\t\t\t\t<div class=\"testimonials-carousel testimonials-carousel-style3\"><div class=\"testimonial-item\">\n<div class=\"testimonial\">\n\t<i class=\"las la-quote-left\"><\/i>\n\n\t<blockquote><p>At 60, I wasn\u2019t sure if I\u2019d find another job, but this site proved me wrong. It connected me with companies that value experience, and I\u2019m now in a fulfilling role where my skills truly shine.<\/p>\n<\/blockquote>\n\n\t<div class=\"customer\">\n\t\t\n\t\t<div class=\"details\">\n\t\t\t<h4 class=\"title\">A Platform That Truly Understands<\/h4>\n\t\t\t<cite title=\"Robert T., IT Consultant\">Robert T., IT Consultant<\/cite>\n\t\t<\/div>\n\t<\/div>\n<\/div>\n<\/div><div class=\"testimonial-item\">\n<div class=\"testimonial\">\n\t<i class=\"las la-quote-left\"><\/i>\n\n\t<blockquote><p>Job searching at 57 was tough, and I started to doubt myself. This site restored my confidence \u2014 I found a position within weeks at a company that values my years of expertise. It\u2019s been a game-changer!<\/p>\n<\/blockquote>\n\n\t<div class=\"customer\">\n\t\t\n\t\t<div class=\"details\">\n\t\t\t<h4 class=\"title\">Confidence Restored<\/h4>\n\t\t\t<cite title=\"Peter S., Sales Consultant\">Peter S., Sales Consultant<\/cite>\n\t\t<\/div>\n\t<\/div>\n<\/div>\n<\/div><div class=\"testimonial-item\">\n<div class=\"testimonial\">\n\t<i class=\"las la-quote-left\"><\/i>\n\n\t<blockquote><p>Returning to the job market after a few years off was intimidating, but this site made it easy. Knowing that employers here welcome 50+ candidates gave me the confidence to apply. Now, I\u2019m back in a role I love!<\/p>\n<\/blockquote>\n\n\t<div class=\"customer\">\n\t\t\n\t\t<div class=\"details\">\n\t\t\t<h4 class=\"title\">Back to Work After a Career Break<\/h4>\n\t\t\t<cite title=\"Susan L., Marketing Specialist\">Susan L., Marketing Specialist<\/cite>\n\t\t<\/div>\n\t<\/div>\n<\/div>\n<\/div><\/div>\t\t\t\t<\/div>\n\t\t\t\t<\/div>\n\t\t\t\t<\/div>\n\t\t<div class=\"elementor-element elementor-element-056de92 e-con-full e-flex e-con e-child\" data-id=\"056de92\" data-element_type=\"container\" data-e-type=\"container\">\n\t\t\t\t<\/div>\n\t\t\t\t\t<\/div>\n\t\t\t\t<\/div>\n\t\t<div class=\"elementor-element elementor-element-a501ee2 e-flex e-con-boxed e-con e-parent\" data-id=\"a501ee2\" data-element_type=\"container\" data-e-type=\"container\" data-settings=\"{&quot;background_background&quot;:&quot;classic&quot;}\">\n\t\t\t\t\t<div class=\"e-con-inner\">\n\t\t<div class=\"elementor-element elementor-element-9b0a2c7 e-con-full e-flex e-con e-child\" data-id=\"9b0a2c7\" data-element_type=\"container\" data-e-type=\"container\">\n\t\t\t\t<div class=\"elementor-element elementor-element-7075f89 elementor-widget elementor-widget-heading\" data-id=\"7075f89\" data-element_type=\"widget\" data-e-type=\"widget\" data-widget_type=\"heading.default\">\n\t\t\t\t<div class=\"elementor-widget-container\">\n\t\t\t\t\t<h3 class=\"elementor-heading-title elementor-size-default\">Schliesse dich Unternehmen an, die Erfahrung wirklich sch\u00e4tzen!\n\n<\/h3>\t\t\t\t<\/div>\n\t\t\t\t<\/div>\n\t\t\t\t<div class=\"elementor-element elementor-element-18b9d7e elementor-widget elementor-widget-heading\" data-id=\"18b9d7e\" data-element_type=\"widget\" data-e-type=\"widget\" data-widget_type=\"heading.default\">\n\t\t\t\t<div class=\"elementor-widget-container\">\n\t\t\t\t\t<h4 class=\"elementor-heading-title elementor-size-default\">Bist du bereit, etwas zu ver\u00e4ndern? Schlie\u00dfe dich der wachsenden Zahl von Unternehmen an, die Wert auf Erfahrung und Inklusivit\u00e4t legen, indem du deine Stellenanzeigen auf Jobs 50+ ver\u00f6ffentlichst.<\/h4>\t\t\t\t<\/div>\n\t\t\t\t<\/div>\n\t\t\t\t<\/div>\n\t\t<div class=\"elementor-element elementor-element-5722b47 e-con-full e-flex e-con e-child\" data-id=\"5722b47\" data-element_type=\"container\" data-e-type=\"container\">\n\t\t\t\t<div class=\"elementor-element elementor-element-c9c49b0 elementor-widget elementor-widget-cariera_button\" data-id=\"c9c49b0\" data-element_type=\"widget\" data-e-type=\"widget\" data-widget_type=\"cariera_button.default\">\n\t\t\t\t<div class=\"elementor-widget-container\">\n\t\t\t\t\t<div class=\"text-center\"><a href=\"https:\/\/jobs50plus.eu\/post-job\/\" target=&quot;_blank&quot; class=\"btn btn-main btn-effect btn-border\" >Stellenanzeige schalten<\/a><\/div>\t\t\t\t<\/div>\n\t\t\t\t<\/div>\n\t\t\t\t<\/div>\n\t\t\t\t\t<\/div>\n\t\t\t\t<\/div>\n\t\t\t\t<\/div>\n\t\t","protected":false},"excerpt":{"rendered":"<p>\u00dcber uns Wir bringen erfahrene Fachkr\u00e4fte ab 50 mit Arbeitgebern zusammen, die ihre Expertise sch\u00e4tzen und gezielt nach talentierten Bewerbern mit langj\u00e4hriger Berufserfahrung suchen. Unsere Mission Wir von Jobs 50+ sind wir davon \u00fcberzeugt, dass Erfahrung wichtig ist. Seit \u00fcber 20 Jahren sind wir in der Personalvermittlung t\u00e4tig und wissen, wie schwierig es f\u00fcr Fachkr\u00e4fte [&hellip;]<\/p>\n","protected":false},"author":1,"featured_media":0,"parent":11324,"menu_order":0,"comment_status":"closed","ping_status":"closed","template":"templates\/fullwidth-page.php","meta":{"_coblocks_attr":"","_coblocks_dimensions":"","_coblocks_responsive_height":"","_coblocks_accordion_ie_support":"","footnotes":""},"class_list":["post-11247","page","type-page","status-publish","hentry"],"yoast_head":"<!-- This site is optimized with the Yoast SEO plugin v26.9 - https:\/\/yoast.com\/product\/yoast-seo-wordpress\/ -->\n<title>\u00dcber uns - Jobs 50+<\/title>\n<meta name=\"robots\" content=\"index, follow, max-snippet:-1, max-image-preview:large, max-video-preview:-1\" \/>\n<link rel=\"canonical\" href=\"https:\/\/jobs50plus.eu\/de\/seiten\/ueber-uns\/\" \/>\n<meta property=\"og:locale\" content=\"de_DE\" \/>\n<meta property=\"og:type\" content=\"article\" \/>\n<meta property=\"og:title\" content=\"\u00dcber uns - Jobs 50+\" \/>\n<meta property=\"og:description\" content=\"\u00dcber uns Wir bringen erfahrene Fachkr\u00e4fte ab 50 mit Arbeitgebern zusammen, die ihre Expertise sch\u00e4tzen und gezielt nach talentierten Bewerbern mit langj\u00e4hriger Berufserfahrung suchen. Unsere Mission Wir von Jobs 50+ sind wir davon \u00fcberzeugt, dass Erfahrung wichtig ist. Seit \u00fcber 20 Jahren sind wir in der Personalvermittlung t\u00e4tig und wissen, wie schwierig es f\u00fcr Fachkr\u00e4fte [&hellip;]\" \/>\n<meta property=\"og:url\" content=\"https:\/\/jobs50plus.eu\/de\/seiten\/ueber-uns\/\" \/>\n<meta property=\"og:site_name\" content=\"Jobs 50+\" \/>\n<meta property=\"article:modified_time\" content=\"2025-04-14T14:31:17+00:00\" \/>\n<meta name=\"twitter:card\" content=\"summary_large_image\" \/>\n<meta name=\"twitter:label1\" content=\"Gesch\u00e4tzte Lesezeit\" \/>\n\t<meta name=\"twitter:data1\" content=\"2 Minuten\" \/>\n<script type=\"application\/ld+json\" class=\"yoast-schema-graph\">{\"@context\":\"https:\/\/schema.org\",\"@graph\":[{\"@type\":\"WebPage\",\"@id\":\"https:\/\/jobs50plus.eu\/de\/seiten\/ueber-uns\/\",\"url\":\"https:\/\/jobs50plus.eu\/de\/seiten\/ueber-uns\/\",\"name\":\"\u00dcber uns - Jobs 50+\",\"isPartOf\":{\"@id\":\"https:\/\/jobs50plus.eu\/de\/#website\"},\"datePublished\":\"2020-05-11T14:51:22+00:00\",\"dateModified\":\"2025-04-14T14:31:17+00:00\",\"breadcrumb\":{\"@id\":\"https:\/\/jobs50plus.eu\/de\/seiten\/ueber-uns\/#breadcrumb\"},\"inLanguage\":\"de\",\"potentialAction\":[{\"@type\":\"ReadAction\",\"target\":[\"https:\/\/jobs50plus.eu\/de\/seiten\/ueber-uns\/\"]}]},{\"@type\":\"BreadcrumbList\",\"@id\":\"https:\/\/jobs50plus.eu\/de\/seiten\/ueber-uns\/#breadcrumb\",\"itemListElement\":[{\"@type\":\"ListItem\",\"position\":1,\"name\":\"Home\",\"item\":\"https:\/\/jobs50plus.eu\/de\/\"},{\"@type\":\"ListItem\",\"position\":2,\"name\":\"Seiten\",\"item\":\"https:\/\/jobs50plus.eu\/de\/seiten\/\"},{\"@type\":\"ListItem\",\"position\":3,\"name\":\"\u00dcber uns\"}]},{\"@type\":\"WebSite\",\"@id\":\"https:\/\/jobs50plus.eu\/de\/#website\",\"url\":\"https:\/\/jobs50plus.eu\/de\/\",\"name\":\"Jobs 50+\",\"description\":\"Job Board WordPress Theme\",\"publisher\":{\"@id\":\"https:\/\/jobs50plus.eu\/de\/#organization\"},\"potentialAction\":[{\"@type\":\"SearchAction\",\"target\":{\"@type\":\"EntryPoint\",\"urlTemplate\":\"https:\/\/jobs50plus.eu\/de\/?s={search_term_string}\"},\"query-input\":{\"@type\":\"PropertyValueSpecification\",\"valueRequired\":true,\"valueName\":\"search_term_string\"}}],\"inLanguage\":\"de\"},{\"@type\":\"Organization\",\"@id\":\"https:\/\/jobs50plus.eu\/de\/#organization\",\"name\":\"Jobs 50+\",\"url\":\"https:\/\/jobs50plus.eu\/de\/\",\"logo\":{\"@type\":\"ImageObject\",\"inLanguage\":\"de\",\"@id\":\"https:\/\/jobs50plus.eu\/de\/#\/schema\/logo\/image\/\",\"url\":\"https:\/\/jobs50plus.eu\/wp-content\/uploads\/2025\/04\/Logo-Transparenter-Hintergrund.png\",\"contentUrl\":\"https:\/\/jobs50plus.eu\/wp-content\/uploads\/2025\/04\/Logo-Transparenter-Hintergrund.png\",\"width\":500,\"height\":500,\"caption\":\"Jobs 50+\"},\"image\":{\"@id\":\"https:\/\/jobs50plus.eu\/de\/#\/schema\/logo\/image\/\"}}]}<\/script>\n<!-- \/ Yoast SEO plugin. -->","yoast_head_json":{"title":"\u00dcber uns - Jobs 50+","robots":{"index":"index","follow":"follow","max-snippet":"max-snippet:-1","max-image-preview":"max-image-preview:large","max-video-preview":"max-video-preview:-1"},"canonical":"https:\/\/jobs50plus.eu\/de\/seiten\/ueber-uns\/","og_locale":"de_DE","og_type":"article","og_title":"\u00dcber uns - Jobs 50+","og_description":"\u00dcber uns Wir bringen erfahrene Fachkr\u00e4fte ab 50 mit Arbeitgebern zusammen, die ihre Expertise sch\u00e4tzen und gezielt nach talentierten Bewerbern mit langj\u00e4hriger Berufserfahrung suchen. Unsere Mission Wir von Jobs 50+ sind wir davon \u00fcberzeugt, dass Erfahrung wichtig ist. Seit \u00fcber 20 Jahren sind wir in der Personalvermittlung t\u00e4tig und wissen, wie schwierig es f\u00fcr Fachkr\u00e4fte [&hellip;]","og_url":"https:\/\/jobs50plus.eu\/de\/seiten\/ueber-uns\/","og_site_name":"Jobs 50+","article_modified_time":"2025-04-14T14:31:17+00:00","twitter_card":"summary_large_image","twitter_misc":{"Gesch\u00e4tzte Lesezeit":"2 Minuten"},"schema":{"@context":"https:\/\/schema.org","@graph":[{"@type":"WebPage","@id":"https:\/\/jobs50plus.eu\/de\/seiten\/ueber-uns\/","url":"https:\/\/jobs50plus.eu\/de\/seiten\/ueber-uns\/","name":"\u00dcber uns - Jobs 50+","isPartOf":{"@id":"https:\/\/jobs50plus.eu\/de\/#website"},"datePublished":"2020-05-11T14:51:22+00:00","dateModified":"2025-04-14T14:31:17+00:00","breadcrumb":{"@id":"https:\/\/jobs50plus.eu\/de\/seiten\/ueber-uns\/#breadcrumb"},"inLanguage":"de","potentialAction":[{"@type":"ReadAction","target":["https:\/\/jobs50plus.eu\/de\/seiten\/ueber-uns\/"]}]},{"@type":"BreadcrumbList","@id":"https:\/\/jobs50plus.eu\/de\/seiten\/ueber-uns\/#breadcrumb","itemListElement":[{"@type":"ListItem","position":1,"name":"Home","item":"https:\/\/jobs50plus.eu\/de\/"},{"@type":"ListItem","position":2,"name":"Seiten","item":"https:\/\/jobs50plus.eu\/de\/seiten\/"},{"@type":"ListItem","position":3,"name":"\u00dcber uns"}]},{"@type":"WebSite","@id":"https:\/\/jobs50plus.eu\/de\/#website","url":"https:\/\/jobs50plus.eu\/de\/","name":"Jobs 50+","description":"Job Board WordPress Theme","publisher":{"@id":"https:\/\/jobs50plus.eu\/de\/#organization"},"potentialAction":[{"@type":"SearchAction","target":{"@type":"EntryPoint","urlTemplate":"https:\/\/jobs50plus.eu\/de\/?s={search_term_string}"},"query-input":{"@type":"PropertyValueSpecification","valueRequired":true,"valueName":"search_term_string"}}],"inLanguage":"de"},{"@type":"Organization","@id":"https:\/\/jobs50plus.eu\/de\/#organization","name":"Jobs 50+","url":"https:\/\/jobs50plus.eu\/de\/","logo":{"@type":"ImageObject","inLanguage":"de","@id":"https:\/\/jobs50plus.eu\/de\/#\/schema\/logo\/image\/","url":"https:\/\/jobs50plus.eu\/wp-content\/uploads\/2025\/04\/Logo-Transparenter-Hintergrund.png","contentUrl":"https:\/\/jobs50plus.eu\/wp-content\/uploads\/2025\/04\/Logo-Transparenter-Hintergrund.png","width":500,"height":500,"caption":"Jobs 50+"},"image":{"@id":"https:\/\/jobs50plus.eu\/de\/#\/schema\/logo\/image\/"}}]}},"_links":{"self":[{"href":"https:\/\/jobs50plus.eu\/de\/wp-json\/wp\/v2\/pages\/11247","targetHints":{"allow":["GET"]}}],"collection":[{"href":"https:\/\/jobs50plus.eu\/de\/wp-json\/wp\/v2\/pages"}],"about":[{"href":"https:\/\/jobs50plus.eu\/de\/wp-json\/wp\/v2\/types\/page"}],"author":[{"embeddable":true,"href":"https:\/\/jobs50plus.eu\/de\/wp-json\/wp\/v2\/users\/1"}],"replies":[{"embeddable":true,"href":"https:\/\/jobs50plus.eu\/de\/wp-json\/wp\/v2\/comments?post=11247"}],"version-history":[{"count":11,"href":"https:\/\/jobs50plus.eu\/de\/wp-json\/wp\/v2\/pages\/11247\/revisions"}],"predecessor-version":[{"id":11842,"href":"https:\/\/jobs50plus.eu\/de\/wp-json\/wp\/v2\/pages\/11247\/revisions\/11842"}],"up":[{"embeddable":true,"href":"https:\/\/jobs50plus.eu\/de\/wp-json\/wp\/v2\/pages\/11324"}],"wp:attachment":[{"href":"https:\/\/jobs50plus.eu\/de\/wp-json\/wp\/v2\/media?parent=11247"}],"curies":[{"name":"wp","href":"https:\/\/api.w.org\/{rel}","templated":true}]}}