{"id":11273,"date":"2024-01-02T23:28:10","date_gmt":"2024-01-02T23:28:10","guid":{"rendered":"https:\/\/jobs50plus.eu\/product\/1-standard-job-post-jetzt-kostenlos-mit-gutscheincode\/"},"modified":"2025-12-24T00:01:00","modified_gmt":"2025-12-23T23:01:00","slug":"1-standard-job-post-jetzt-kostenlos-mit-gutscheincode","status":"publish","type":"product","link":"https:\/\/jobs50plus.eu\/de\/product\/1-standard-job-post-jetzt-kostenlos-mit-gutscheincode\/","title":{"rendered":"1 Standard Job"},"content":{"rendered":"<div style=\"font-family: Arial, sans-serif; background-color: #f8f9fa; padding: 20px; border-radius: 10px; box-shadow: 0px 2px 10px rgba(0,0,0,0.1); max-width: 600px; margin: auto;\">\n<h2 style=\"color: #303af7; text-align: center;\">Kickstart f\u00fcr deine Einstellung - kostenlos!<\/h2>\n<ul style=\"list-style-type: none; padding: 0; line-height: 1.6; font-size: 16px; color: #333;\">\n<li>\u2705 <strong>Erreiche qualifizierte Bewerber<\/strong> mit einer <strong>30-t\u00e4gigen Basis-Stellenanzeige<\/strong>.<\/li>\n<li>\u2705 <strong>Erscheine in den Suchergebnissen<\/strong> f\u00fcr relevante Stellensuchende.<\/li>\n<li>\u2705 Du kannst deinen Beitrag w\u00e4hrend des aktiven Zeitraums jederzeit <strong>bearbeiten oder aktualisieren<\/strong>.<\/li>\n<li>\u2705 Ideal f\u00fcr Unternehmen, die <strong>schnell Stellen besetzen<\/strong> wollen, ohne Zusatzkosten.<\/li>\n<\/ul>\n<p style=\"text-align: center; font-size: 18px; font-weight: bold; color: #f5a623; padding: 10px; background-color: #fff3cd; border-radius: 5px; margin-top: 20px;\">\ud83d\udca1 <strong>Befristetes Angebot:<\/strong> bis 31. Oktober 2025 kostenlos posten<\/p>\n<\/div>\n","protected":false},"excerpt":{"rendered":"<h5 data-start=\"236\" data-end=\"277\"><strong data-start=\"236\" data-end=\"275\">Stellenanzeige schalten - jetzt kostenlos!<\/strong><\/h5>\n<ul data-start=\"279\" data-end=\"563\">\n<li data-start=\"279\" data-end=\"346\">Erreiche qualifizierte Bewerber mit einer <strong data-start=\"315\" data-end=\"343\">30-t\u00e4gigen Basis-Stellenanzeige<\/strong>.<\/li>\n<li data-start=\"347\" data-end=\"405\">Erscheine in den <strong data-start=\"359\" data-end=\"377\">Suchergebnissen<\/strong> f\u00fcr relevante Stellensuchende.<\/li>\n<li data-start=\"406\" data-end=\"476\">Du kannst deine Stellenanzeige w\u00e4hrend des aktiven Zeitraums jederzeit <strong data-start=\"408\" data-end=\"416\">bearbeiten<\/strong> oder <strong data-start=\"420\" data-end=\"430\">aktualisieren<\/strong>.<\/li>\n<li data-start=\"477\" data-end=\"563\">Ideal f\u00fcr Unternehmen, die <strong data-start=\"510\" data-end=\"536\">schnell Stellen besetzen<\/strong> wollen, ohne Zusatzkosten.<\/li>\n<\/ul>\n<p data-start=\"565\" data-end=\"665\"><strong data-start=\"565\" data-end=\"591\">\ud83d\udca1 Zeitlich begrenztes Angebot: Voller Preis ab dem 1. November 2025: \u20ac 149<\/strong><\/p>\n","protected":false},"featured_media":0,"template":"","meta":{"_coblocks_attr":"","_coblocks_dimensions":"","_coblocks_responsive_height":"","_coblocks_accordion_ie_support":""},"product_brand":[],"product_cat":[317],"product_tag":[],"class_list":{"0":"post-11273","1":"product","2":"type-product","3":"status-publish","5":"product_cat-anzeigen-pakete","7":"first","8":"instock","9":"downloadable","10":"virtual","11":"sold-individually","12":"taxable","13":"purchasable","14":"product-type-job_package"},"yoast_head":"<!-- This site is optimized with the Yoast SEO plugin v26.9 - https:\/\/yoast.com\/product\/yoast-seo-wordpress\/ -->\n<title>1 Standard Job - Jobs 50+<\/title>\n<meta name=\"robots\" content=\"index, follow, max-snippet:-1, max-image-preview:large, max-video-preview:-1\" \/>\n<link rel=\"canonical\" href=\"https:\/\/jobs50plus.eu\/de\/product\/1-standard-job-post-jetzt-kostenlos-mit-gutscheincode\/\" \/>\n<meta property=\"og:locale\" content=\"de_DE\" \/>\n<meta property=\"og:type\" content=\"article\" \/>\n<meta property=\"og:title\" content=\"1 Standard Job - Jobs 50+\" \/>\n<meta property=\"og:description\" content=\"Stellenanzeige schalten - jetzt kostenlos!  Erreiche qualifizierte Bewerber mit einer 30-t\u00e4gigen Basis-Stellenanzeige.  Erscheine in den Suchergebnissen f\u00fcr relevante Stellensuchende.  Du kannst deine Stellenanzeige w\u00e4hrend des aktiven Zeitraums jederzeit bearbeiten oder aktualisieren.  Ideal f\u00fcr Unternehmen, die schnell Stellen besetzen wollen, ohne Zusatzkosten. \ud83d\udca1 Zeitlich begrenztes Angebot: Voller Preis ab dem 1. November 2025: \u20ac 149\" \/>\n<meta property=\"og:url\" content=\"https:\/\/jobs50plus.eu\/de\/product\/1-standard-job-post-jetzt-kostenlos-mit-gutscheincode\/\" \/>\n<meta property=\"og:site_name\" content=\"Jobs 50+\" \/>\n<meta property=\"article:modified_time\" content=\"2025-12-23T23:01:00+00:00\" \/>\n<meta name=\"twitter:card\" content=\"summary_large_image\" \/>\n<script type=\"application\/ld+json\" class=\"yoast-schema-graph\">{\"@context\":\"https:\/\/schema.org\",\"@graph\":[{\"@type\":\"WebPage\",\"@id\":\"https:\/\/jobs50plus.eu\/de\/product\/1-standard-job-post-jetzt-kostenlos-mit-gutscheincode\/\",\"url\":\"https:\/\/jobs50plus.eu\/de\/product\/1-standard-job-post-jetzt-kostenlos-mit-gutscheincode\/\",\"name\":\"1 Standard Job - Jobs 50+\",\"isPartOf\":{\"@id\":\"https:\/\/jobs50plus.eu\/de\/#website\"},\"datePublished\":\"2024-01-02T23:28:10+00:00\",\"dateModified\":\"2025-12-23T23:01:00+00:00\",\"breadcrumb\":{\"@id\":\"https:\/\/jobs50plus.eu\/de\/product\/1-standard-job-post-jetzt-kostenlos-mit-gutscheincode\/#breadcrumb\"},\"inLanguage\":\"de\",\"potentialAction\":[{\"@type\":\"ReadAction\",\"target\":[\"https:\/\/jobs50plus.eu\/de\/product\/1-standard-job-post-jetzt-kostenlos-mit-gutscheincode\/\"]}]},{\"@type\":\"BreadcrumbList\",\"@id\":\"https:\/\/jobs50plus.eu\/de\/product\/1-standard-job-post-jetzt-kostenlos-mit-gutscheincode\/#breadcrumb\",\"itemListElement\":[{\"@type\":\"ListItem\",\"position\":1,\"name\":\"Home\",\"item\":\"https:\/\/jobs50plus.eu\/de\/\"},{\"@type\":\"ListItem\",\"position\":2,\"name\":\"Shop\",\"item\":\"https:\/\/jobs50plus.eu\/de\/shop\/\"},{\"@type\":\"ListItem\",\"position\":3,\"name\":\"1 Standard Job\"}]},{\"@type\":\"WebSite\",\"@id\":\"https:\/\/jobs50plus.eu\/de\/#website\",\"url\":\"https:\/\/jobs50plus.eu\/de\/\",\"name\":\"Jobs 50+\",\"description\":\"Job Board WordPress Theme\",\"publisher\":{\"@id\":\"https:\/\/jobs50plus.eu\/de\/#organization\"},\"potentialAction\":[{\"@type\":\"SearchAction\",\"target\":{\"@type\":\"EntryPoint\",\"urlTemplate\":\"https:\/\/jobs50plus.eu\/de\/?s={search_term_string}\"},\"query-input\":{\"@type\":\"PropertyValueSpecification\",\"valueRequired\":true,\"valueName\":\"search_term_string\"}}],\"inLanguage\":\"de\"},{\"@type\":\"Organization\",\"@id\":\"https:\/\/jobs50plus.eu\/de\/#organization\",\"name\":\"Jobs 50+\",\"url\":\"https:\/\/jobs50plus.eu\/de\/\",\"logo\":{\"@type\":\"ImageObject\",\"inLanguage\":\"de\",\"@id\":\"https:\/\/jobs50plus.eu\/de\/#\/schema\/logo\/image\/\",\"url\":\"https:\/\/jobs50plus.eu\/wp-content\/uploads\/2025\/04\/Logo-Transparenter-Hintergrund.png\",\"contentUrl\":\"https:\/\/jobs50plus.eu\/wp-content\/uploads\/2025\/04\/Logo-Transparenter-Hintergrund.png\",\"width\":500,\"height\":500,\"caption\":\"Jobs 50+\"},\"image\":{\"@id\":\"https:\/\/jobs50plus.eu\/de\/#\/schema\/logo\/image\/\"}}]}<\/script>\n<!-- \/ Yoast SEO plugin. -->","yoast_head_json":{"title":"1 Standard Job - Jobs 50+","robots":{"index":"index","follow":"follow","max-snippet":"max-snippet:-1","max-image-preview":"max-image-preview:large","max-video-preview":"max-video-preview:-1"},"canonical":"https:\/\/jobs50plus.eu\/de\/product\/1-standard-job-post-jetzt-kostenlos-mit-gutscheincode\/","og_locale":"de_DE","og_type":"article","og_title":"1 Standard Job - Jobs 50+","og_description":"Stellenanzeige schalten - jetzt kostenlos!  Erreiche qualifizierte Bewerber mit einer 30-t\u00e4gigen Basis-Stellenanzeige.  Erscheine in den Suchergebnissen f\u00fcr relevante Stellensuchende.  Du kannst deine Stellenanzeige w\u00e4hrend des aktiven Zeitraums jederzeit bearbeiten oder aktualisieren.  Ideal f\u00fcr Unternehmen, die schnell Stellen besetzen wollen, ohne Zusatzkosten. \ud83d\udca1 Zeitlich begrenztes Angebot: Voller Preis ab dem 1. November 2025: \u20ac 149","og_url":"https:\/\/jobs50plus.eu\/de\/product\/1-standard-job-post-jetzt-kostenlos-mit-gutscheincode\/","og_site_name":"Jobs 50+","article_modified_time":"2025-12-23T23:01:00+00:00","twitter_card":"summary_large_image","schema":{"@context":"https:\/\/schema.org","@graph":[{"@type":"WebPage","@id":"https:\/\/jobs50plus.eu\/de\/product\/1-standard-job-post-jetzt-kostenlos-mit-gutscheincode\/","url":"https:\/\/jobs50plus.eu\/de\/product\/1-standard-job-post-jetzt-kostenlos-mit-gutscheincode\/","name":"1 Standard Job - Jobs 50+","isPartOf":{"@id":"https:\/\/jobs50plus.eu\/de\/#website"},"datePublished":"2024-01-02T23:28:10+00:00","dateModified":"2025-12-23T23:01:00+00:00","breadcrumb":{"@id":"https:\/\/jobs50plus.eu\/de\/product\/1-standard-job-post-jetzt-kostenlos-mit-gutscheincode\/#breadcrumb"},"inLanguage":"de","potentialAction":[{"@type":"ReadAction","target":["https:\/\/jobs50plus.eu\/de\/product\/1-standard-job-post-jetzt-kostenlos-mit-gutscheincode\/"]}]},{"@type":"BreadcrumbList","@id":"https:\/\/jobs50plus.eu\/de\/product\/1-standard-job-post-jetzt-kostenlos-mit-gutscheincode\/#breadcrumb","itemListElement":[{"@type":"ListItem","position":1,"name":"Home","item":"https:\/\/jobs50plus.eu\/de\/"},{"@type":"ListItem","position":2,"name":"Shop","item":"https:\/\/jobs50plus.eu\/de\/shop\/"},{"@type":"ListItem","position":3,"name":"1 Standard Job"}]},{"@type":"WebSite","@id":"https:\/\/jobs50plus.eu\/de\/#website","url":"https:\/\/jobs50plus.eu\/de\/","name":"Jobs 50+","description":"Job Board WordPress Theme","publisher":{"@id":"https:\/\/jobs50plus.eu\/de\/#organization"},"potentialAction":[{"@type":"SearchAction","target":{"@type":"EntryPoint","urlTemplate":"https:\/\/jobs50plus.eu\/de\/?s={search_term_string}"},"query-input":{"@type":"PropertyValueSpecification","valueRequired":true,"valueName":"search_term_string"}}],"inLanguage":"de"},{"@type":"Organization","@id":"https:\/\/jobs50plus.eu\/de\/#organization","name":"Jobs 50+","url":"https:\/\/jobs50plus.eu\/de\/","logo":{"@type":"ImageObject","inLanguage":"de","@id":"https:\/\/jobs50plus.eu\/de\/#\/schema\/logo\/image\/","url":"https:\/\/jobs50plus.eu\/wp-content\/uploads\/2025\/04\/Logo-Transparenter-Hintergrund.png","contentUrl":"https:\/\/jobs50plus.eu\/wp-content\/uploads\/2025\/04\/Logo-Transparenter-Hintergrund.png","width":500,"height":500,"caption":"Jobs 50+"},"image":{"@id":"https:\/\/jobs50plus.eu\/de\/#\/schema\/logo\/image\/"}}]}},"_links":{"self":[{"href":"https:\/\/jobs50plus.eu\/de\/wp-json\/wp\/v2\/product\/11273","targetHints":{"allow":["GET"]}}],"collection":[{"href":"https:\/\/jobs50plus.eu\/de\/wp-json\/wp\/v2\/product"}],"about":[{"href":"https:\/\/jobs50plus.eu\/de\/wp-json\/wp\/v2\/types\/product"}],"wp:attachment":[{"href":"https:\/\/jobs50plus.eu\/de\/wp-json\/wp\/v2\/media?parent=11273"}],"wp:term":[{"taxonomy":"product_brand","embeddable":true,"href":"https:\/\/jobs50plus.eu\/de\/wp-json\/wp\/v2\/product_brand?post=11273"},{"taxonomy":"product_cat","embeddable":true,"href":"https:\/\/jobs50plus.eu\/de\/wp-json\/wp\/v2\/product_cat?post=11273"},{"taxonomy":"product_tag","embeddable":true,"href":"https:\/\/jobs50plus.eu\/de\/wp-json\/wp\/v2\/product_tag?post=11273"}],"curies":[{"name":"wp","href":"https:\/\/api.w.org\/{rel}","templated":true}]}}